{"id":8596,"date":"2023-02-21T13:13:51","date_gmt":"2023-02-21T12:13:51","guid":{"rendered":"https:\/\/informator.wbp.wroc.pl\/info\/?page_id=8596"},"modified":"2026-03-25T09:19:46","modified_gmt":"2026-03-25T08:19:46","slug":"dolnoslaska-biblioteka-publiczna-im-tadeusza-mikulskiego-we-wroclawiu","status":"publish","type":"page","link":"https:\/\/informator.wbp.wroc.pl\/info\/","title":{"rendered":"INFORMATOR"},"content":{"rendered":"\n<h2 class=\"wp-block-heading\">Dolno\u015bl\u0105skiej Biblioteki Publicznej <br \/>im. Tadeusza Mikulskiego we Wroc\u0142awiu<\/h2>\n\n\n\n<figure class=\"wp-block-gallery has-nested-images columns-default is-cropped wp-block-gallery-1 is-layout-flex wp-block-gallery-is-layout-flex\">\n<figure class=\"wp-block-image size-large\"><img loading=\"lazy\" decoding=\"async\" width=\"975\" height=\"649\" data-id=\"10399\" src=\"https:\/\/informator.wbp.wroc.pl\/info\/wp-content\/uploads\/2026\/03\/dbp.jpg\" alt=\"\" class=\"wp-image-10399\" srcset=\"https:\/\/informator.wbp.wroc.pl\/info\/wp-content\/uploads\/2026\/03\/dbp.jpg 975w, https:\/\/informator.wbp.wroc.pl\/info\/wp-content\/uploads\/2026\/03\/dbp-300x200.jpg 300w, https:\/\/informator.wbp.wroc.pl\/info\/wp-content\/uploads\/2026\/03\/dbp-80x53.jpg 80w, https:\/\/informator.wbp.wroc.pl\/info\/wp-content\/uploads\/2026\/03\/dbp-768x511.jpg 768w\" sizes=\"(max-width: 975px) 100vw, 975px\" \/><\/figure>\n<\/figure>\n\n\n\n<figure class=\"wp-block-gallery has-nested-images columns-default is-cropped wp-block-gallery-2 is-layout-flex wp-block-gallery-is-layout-flex\">\n<figure class=\"wp-block-image size-large\"><img loading=\"lazy\" decoding=\"async\" width=\"685\" height=\"1024\" data-id=\"10458\" src=\"https:\/\/informator.wbp.wroc.pl\/info\/wp-content\/uploads\/2026\/03\/fot_R_Werszler_001-685x1024.jpg\" alt=\"\" class=\"wp-image-10458\" srcset=\"https:\/\/informator.wbp.wroc.pl\/info\/wp-content\/uploads\/2026\/03\/fot_R_Werszler_001-685x1024.jpg 685w, https:\/\/informator.wbp.wroc.pl\/info\/wp-content\/uploads\/2026\/03\/fot_R_Werszler_001-201x300.jpg 201w, https:\/\/informator.wbp.wroc.pl\/info\/wp-content\/uploads\/2026\/03\/fot_R_Werszler_001-54x80.jpg 54w, https:\/\/informator.wbp.wroc.pl\/info\/wp-content\/uploads\/2026\/03\/fot_R_Werszler_001-768x1147.jpg 768w, https:\/\/informator.wbp.wroc.pl\/info\/wp-content\/uploads\/2026\/03\/fot_R_Werszler_001-1028x1536.jpg 1028w, https:\/\/informator.wbp.wroc.pl\/info\/wp-content\/uploads\/2026\/03\/fot_R_Werszler_001-1371x2048.jpg 1371w, https:\/\/informator.wbp.wroc.pl\/info\/wp-content\/uploads\/2026\/03\/fot_R_Werszler_001-scaled.jpg 1714w\" sizes=\"(max-width: 685px) 100vw, 685px\" \/><\/figure>\n<\/figure>\n","protected":false},"excerpt":{"rendered":"<p>Dolno\u015bl\u0105skiej Biblioteki Publicznej im. Tadeusza Mikulskiego we Wroc\u0142awiu<\/p>\n","protected":false},"author":5,"featured_media":0,"parent":0,"menu_order":0,"comment_status":"closed","ping_status":"closed","template":"","meta":{"ngg_post_thumbnail":0,"footnotes":""},"_links":{"self":[{"href":"https:\/\/informator.wbp.wroc.pl\/info\/wp-json\/wp\/v2\/pages\/8596"}],"collection":[{"href":"https:\/\/informator.wbp.wroc.pl\/info\/wp-json\/wp\/v2\/pages"}],"about":[{"href":"https:\/\/informator.wbp.wroc.pl\/info\/wp-json\/wp\/v2\/types\/page"}],"author":[{"embeddable":true,"href":"https:\/\/informator.wbp.wroc.pl\/info\/wp-json\/wp\/v2\/users\/5"}],"replies":[{"embeddable":true,"href":"https:\/\/informator.wbp.wroc.pl\/info\/wp-json\/wp\/v2\/comments?post=8596"}],"version-history":[{"count":12,"href":"https:\/\/informator.wbp.wroc.pl\/info\/wp-json\/wp\/v2\/pages\/8596\/revisions"}],"predecessor-version":[{"id":10460,"href":"https:\/\/informator.wbp.wroc.pl\/info\/wp-json\/wp\/v2\/pages\/8596\/revisions\/10460"}],"wp:attachment":[{"href":"https:\/\/informator.wbp.wroc.pl\/info\/wp-json\/wp\/v2\/media?parent=8596"}],"curies":[{"name":"wp","href":"https:\/\/api.w.org\/{rel}","templated":true}]}}