{"id":55,"date":"2014-02-24T14:18:24","date_gmt":"2014-02-24T13:18:24","guid":{"rendered":"http:\/\/informator.wbp.wroc.pl\/info\/\/?page_id=55"},"modified":"2015-01-22T14:07:58","modified_gmt":"2015-01-22T13:07:58","slug":"z","status":"publish","type":"page","link":"https:\/\/informator.wbp.wroc.pl\/info\/z\/","title":{"rendered":"Z"},"content":{"rendered":"<p>Wykaz alfabetyczny<br \/>\n<ul class=\"lcp_catlist\" id=\"lcp_instance_0\"><li><a href=\"https:\/\/informator.wbp.wroc.pl\/info\/zabkowice-slaskie-bpmig\/\">Z\u0105bkowice \u015al\u0105skie BPMiG<\/a><\/li><li><a href=\"https:\/\/informator.wbp.wroc.pl\/info\/zabkowice-slaskie-pbp\/\">Z\u0105bkowice \u015al\u0105skie PBP<\/a><\/li><li><a href=\"https:\/\/informator.wbp.wroc.pl\/info\/zaborow\/\">Zabor\u00f3w<\/a><\/li><li><a href=\"https:\/\/informator.wbp.wroc.pl\/info\/zagrodno\/\">Zagrodno<\/a><\/li><li><a href=\"https:\/\/informator.wbp.wroc.pl\/info\/zareba\/\">Zar\u0119ba<\/a><\/li><li><a href=\"https:\/\/informator.wbp.wroc.pl\/info\/zatonie\/\">Zatonie<\/a><\/li><li><a href=\"https:\/\/informator.wbp.wroc.pl\/info\/zawidow\/\">Zawid\u00f3w<\/a><\/li><li><a href=\"https:\/\/informator.wbp.wroc.pl\/info\/zawonia\/\">Zawonia<\/a><\/li><li><a href=\"https:\/\/informator.wbp.wroc.pl\/info\/zbytowa\/\">Zbytowa<\/a><\/li><li><a href=\"https:\/\/informator.wbp.wroc.pl\/info\/zebrzydowa\/\">Zebrzydowa<\/a><\/li><li><a href=\"https:\/\/informator.wbp.wroc.pl\/info\/zgorzelec\/\">Zgorzelec<\/a><\/li><li><a href=\"https:\/\/informator.wbp.wroc.pl\/info\/zgorzelec-filia-nr-1\/\">Zgorzelec, Filia nr 1<\/a><\/li><li><a href=\"https:\/\/informator.wbp.wroc.pl\/info\/ziebice\/\">Zi\u0119bice<\/a><\/li><li><a href=\"https:\/\/informator.wbp.wroc.pl\/info\/zielenice-strzelinskie\/\">Zielenice Strzeli\u0144skie<\/a><\/li><li><a href=\"https:\/\/informator.wbp.wroc.pl\/info\/zlotoryja\/\">Z\u0142otoryja<\/a><\/li><li><a href=\"https:\/\/informator.wbp.wroc.pl\/info\/zloty-stok\/\">Z\u0142oty Stok<\/a><\/li><\/ul><\/p>\n","protected":false},"excerpt":{"rendered":"<p>Wykaz alfabetyczny<\/p>\n","protected":false},"author":5,"featured_media":0,"parent":0,"menu_order":0,"comment_status":"closed","ping_status":"closed","template":"","meta":{"ngg_post_thumbnail":0,"footnotes":""},"_links":{"self":[{"href":"https:\/\/informator.wbp.wroc.pl\/info\/wp-json\/wp\/v2\/pages\/55"}],"collection":[{"href":"https:\/\/informator.wbp.wroc.pl\/info\/wp-json\/wp\/v2\/pages"}],"about":[{"href":"https:\/\/informator.wbp.wroc.pl\/info\/wp-json\/wp\/v2\/types\/page"}],"author":[{"embeddable":true,"href":"https:\/\/informator.wbp.wroc.pl\/info\/wp-json\/wp\/v2\/users\/5"}],"replies":[{"embeddable":true,"href":"https:\/\/informator.wbp.wroc.pl\/info\/wp-json\/wp\/v2\/comments?post=55"}],"version-history":[{"count":4,"href":"https:\/\/informator.wbp.wroc.pl\/info\/wp-json\/wp\/v2\/pages\/55\/revisions"}],"predecessor-version":[{"id":3889,"href":"https:\/\/informator.wbp.wroc.pl\/info\/wp-json\/wp\/v2\/pages\/55\/revisions\/3889"}],"wp:attachment":[{"href":"https:\/\/informator.wbp.wroc.pl\/info\/wp-json\/wp\/v2\/media?parent=55"}],"curies":[{"name":"wp","href":"https:\/\/api.w.org\/{rel}","templated":true}]}}