{"id":47,"date":"2014-02-24T14:17:48","date_gmt":"2014-02-24T13:17:48","guid":{"rendered":"http:\/\/informator.wbp.wroc.pl\/info\/\/?page_id=47"},"modified":"2015-01-22T14:07:14","modified_gmt":"2015-01-22T13:07:14","slug":"s-2","status":"publish","type":"page","link":"https:\/\/informator.wbp.wroc.pl\/info\/s-2\/","title":{"rendered":"\u015a"},"content":{"rendered":"<p>Wykaz alfabetyczny<br \/>\n<ul class=\"lcp_catlist\" id=\"lcp_instance_0\"><li><a href=\"https:\/\/informator.wbp.wroc.pl\/info\/sciegny\/\">\u015aciegny<\/a><\/li><li><a href=\"https:\/\/informator.wbp.wroc.pl\/info\/scinawa\/\">\u015acinawa<\/a><\/li><li><a href=\"https:\/\/informator.wbp.wroc.pl\/info\/scinawka-dolna\/\">\u015acinawka Dolna<\/a><\/li><li><a href=\"https:\/\/informator.wbp.wroc.pl\/info\/scinawka-gorna\/\">\u015acinawka G\u00f3rna<\/a><\/li><li><a href=\"https:\/\/informator.wbp.wroc.pl\/info\/scinawka-srednia\/\">\u015acinawka \u015arednia<\/a><\/li><li><a href=\"https:\/\/informator.wbp.wroc.pl\/info\/sroda-slaska\/\">\u015aroda \u015al\u0105ska<\/a><\/li><li><a href=\"https:\/\/informator.wbp.wroc.pl\/info\/swidnica\/\">\u015awidnica<\/a><\/li><li><a href=\"https:\/\/informator.wbp.wroc.pl\/info\/swiebodzice\/\">\u015awiebodzice<\/a><\/li><li><a href=\"https:\/\/informator.wbp.wroc.pl\/info\/swieradow-zdroj\/\">\u015awierad\u00f3w-Zdr\u00f3j<\/a><\/li><li><a href=\"https:\/\/informator.wbp.wroc.pl\/info\/swierki\/\">\u015awierki<\/a><\/li><li><a href=\"https:\/\/informator.wbp.wroc.pl\/info\/swierzawa\/\">\u015awierzawa<\/a><\/li><li><a href=\"https:\/\/informator.wbp.wroc.pl\/info\/swieta-katarzyna\/\">\u015awi\u0119ta Katarzyna<\/a><\/li><li><a href=\"https:\/\/informator.wbp.wroc.pl\/info\/swietoszow\/\">\u015awi\u0119tosz\u00f3w<\/a><\/li><\/ul><\/p>\n","protected":false},"excerpt":{"rendered":"<p>Wykaz alfabetyczny<\/p>\n","protected":false},"author":5,"featured_media":0,"parent":0,"menu_order":0,"comment_status":"closed","ping_status":"closed","template":"","meta":{"ngg_post_thumbnail":0,"footnotes":""},"_links":{"self":[{"href":"https:\/\/informator.wbp.wroc.pl\/info\/wp-json\/wp\/v2\/pages\/47"}],"collection":[{"href":"https:\/\/informator.wbp.wroc.pl\/info\/wp-json\/wp\/v2\/pages"}],"about":[{"href":"https:\/\/informator.wbp.wroc.pl\/info\/wp-json\/wp\/v2\/types\/page"}],"author":[{"embeddable":true,"href":"https:\/\/informator.wbp.wroc.pl\/info\/wp-json\/wp\/v2\/users\/5"}],"replies":[{"embeddable":true,"href":"https:\/\/informator.wbp.wroc.pl\/info\/wp-json\/wp\/v2\/comments?post=47"}],"version-history":[{"count":5,"href":"https:\/\/informator.wbp.wroc.pl\/info\/wp-json\/wp\/v2\/pages\/47\/revisions"}],"predecessor-version":[{"id":3887,"href":"https:\/\/informator.wbp.wroc.pl\/info\/wp-json\/wp\/v2\/pages\/47\/revisions\/3887"}],"wp:attachment":[{"href":"https:\/\/informator.wbp.wroc.pl\/info\/wp-json\/wp\/v2\/media?parent=47"}],"curies":[{"name":"wp","href":"https:\/\/api.w.org\/{rel}","templated":true}]}}