{"id":16,"date":"2014-02-24T14:13:41","date_gmt":"2014-02-24T13:13:41","guid":{"rendered":"http:\/\/informator.wbp.wroc.pl\/info\/\/?page_id=16"},"modified":"2015-01-22T14:02:39","modified_gmt":"2015-01-22T13:02:39","slug":"g","status":"publish","type":"page","link":"https:\/\/informator.wbp.wroc.pl\/info\/g\/","title":{"rendered":"G"},"content":{"rendered":"<p>Wykaz alfabetyczny<br \/>\n<ul class=\"lcp_catlist\" id=\"lcp_instance_0\"><li><a href=\"https:\/\/informator.wbp.wroc.pl\/info\/gac\/\">Ga\u0107<\/a><\/li><li><a href=\"https:\/\/informator.wbp.wroc.pl\/info\/gadkowice\/\">G\u0105dkowice<\/a><\/li><li><a href=\"https:\/\/informator.wbp.wroc.pl\/info\/gaworzyce\/\">Gaworzyce<\/a><\/li><li><a href=\"https:\/\/informator.wbp.wroc.pl\/info\/giebultow\/\">Giebu\u0142t\u00f3w<\/a><\/li><li><a href=\"https:\/\/informator.wbp.wroc.pl\/info\/gieraltow\/\">Giera\u0142t\u00f3w<\/a><\/li><li><a href=\"https:\/\/informator.wbp.wroc.pl\/info\/gieraltowiec\/\">Giera\u0142towiec<\/a><\/li><li><a href=\"https:\/\/informator.wbp.wroc.pl\/info\/gilow\/\">Gil\u00f3w<\/a><\/li><li><a href=\"https:\/\/informator.wbp.wroc.pl\/info\/glebowice\/\">G\u0142\u0119bowice<\/a><\/li><li><a href=\"https:\/\/informator.wbp.wroc.pl\/info\/glogow\/\">G\u0142og\u00f3w<\/a><\/li><li><a href=\"https:\/\/informator.wbp.wroc.pl\/info\/gluszyca\/\">G\u0142uszyca<\/a><\/li><li><a href=\"https:\/\/informator.wbp.wroc.pl\/info\/gluszyca-gorna\/\">G\u0142uszyca G\u00f3rna<\/a><\/li><li><a href=\"https:\/\/informator.wbp.wroc.pl\/info\/gniewkow\/\">Gniewk\u00f3w<\/a><\/li><li><a href=\"https:\/\/informator.wbp.wroc.pl\/info\/goczalkow\/\">Gocza\u0142k\u00f3w<\/a><\/li><li><a href=\"https:\/\/informator.wbp.wroc.pl\/info\/godzikowice\/\">Godzikowice<\/a><\/li><li><a href=\"https:\/\/informator.wbp.wroc.pl\/info\/godziszcze\/\">Godziszcze<\/a><\/li><li><a href=\"https:\/\/informator.wbp.wroc.pl\/info\/gora\/\">G\u00f3ra<\/a><\/li><li><a href=\"https:\/\/informator.wbp.wroc.pl\/info\/gorzanow\/\">Gorzan\u00f3w<\/a><\/li><li><a href=\"https:\/\/informator.wbp.wroc.pl\/info\/gosciszow\/\">Go\u015bcisz\u00f3w<\/a><\/li><li><a href=\"https:\/\/informator.wbp.wroc.pl\/info\/goszcz\/\">Goszcz<\/a><\/li><li><a href=\"https:\/\/informator.wbp.wroc.pl\/info\/goworow\/\">Gowor\u00f3w<\/a><\/li><li><a href=\"https:\/\/informator.wbp.wroc.pl\/info\/grabowno-wielkie\/\">Grabowno Wielkie<\/a><\/li><li><a href=\"https:\/\/informator.wbp.wroc.pl\/info\/grebocice\/\">Gr\u0119bocice<\/a><\/li><li><a href=\"https:\/\/informator.wbp.wroc.pl\/info\/groblice\/\">Groblice<\/a><\/li><li><a href=\"https:\/\/informator.wbp.wroc.pl\/info\/grochowice\/\">Grochowice<\/a><\/li><li><a href=\"https:\/\/informator.wbp.wroc.pl\/info\/gromadka\/\">Gromadka<\/a><\/li><li><a href=\"https:\/\/informator.wbp.wroc.pl\/info\/gryfow-slaski\/\">Gryf\u00f3w \u015al\u0105ski<\/a><\/li><li><a href=\"https:\/\/informator.wbp.wroc.pl\/info\/guzowice\/\">Guzowice<\/a><\/li><\/ul><\/p>\n","protected":false},"excerpt":{"rendered":"<p>Wykaz alfabetyczny<\/p>\n","protected":false},"author":5,"featured_media":0,"parent":0,"menu_order":0,"comment_status":"closed","ping_status":"closed","template":"","meta":{"ngg_post_thumbnail":0,"footnotes":""},"_links":{"self":[{"href":"https:\/\/informator.wbp.wroc.pl\/info\/wp-json\/wp\/v2\/pages\/16"}],"collection":[{"href":"https:\/\/informator.wbp.wroc.pl\/info\/wp-json\/wp\/v2\/pages"}],"about":[{"href":"https:\/\/informator.wbp.wroc.pl\/info\/wp-json\/wp\/v2\/types\/page"}],"author":[{"embeddable":true,"href":"https:\/\/informator.wbp.wroc.pl\/info\/wp-json\/wp\/v2\/users\/5"}],"replies":[{"embeddable":true,"href":"https:\/\/informator.wbp.wroc.pl\/info\/wp-json\/wp\/v2\/comments?post=16"}],"version-history":[{"count":4,"href":"https:\/\/informator.wbp.wroc.pl\/info\/wp-json\/wp\/v2\/pages\/16\/revisions"}],"predecessor-version":[{"id":3878,"href":"https:\/\/informator.wbp.wroc.pl\/info\/wp-json\/wp\/v2\/pages\/16\/revisions\/3878"}],"wp:attachment":[{"href":"https:\/\/informator.wbp.wroc.pl\/info\/wp-json\/wp\/v2\/media?parent=16"}],"curies":[{"name":"wp","href":"https:\/\/api.w.org\/{rel}","templated":true}]}}