{"id":145,"date":"2014-02-24T14:34:35","date_gmt":"2014-02-24T13:34:35","guid":{"rendered":"http:\/\/informator.wbp.wroc.pl\/info\/\/?page_id=145"},"modified":"2014-09-11T15:17:59","modified_gmt":"2014-09-11T13:17:59","slug":"powiat-zabkowicki","status":"publish","type":"page","link":"https:\/\/informator.wbp.wroc.pl\/info\/powiat-zabkowicki\/","title":{"rendered":"Z\u0104BKOWICKI"},"content":{"rendered":"<ul class=\"lcp_catlist\" id=\"lcp_instance_0\"><li><a href=\"https:\/\/informator.wbp.wroc.pl\/info\/bardo\/\">Bardo<\/a><\/li><li><a href=\"https:\/\/informator.wbp.wroc.pl\/info\/cieplowody\/\">Ciep\u0142owody<\/a><\/li><li><a href=\"https:\/\/informator.wbp.wroc.pl\/info\/kamieniec-zabkowicki\/\">Kamieniec Z\u0105bkowicki<\/a><\/li><li><a href=\"https:\/\/informator.wbp.wroc.pl\/info\/srebrna-gora-2\/\">Srebrna G\u00f3ra<\/a><\/li><li><a href=\"https:\/\/informator.wbp.wroc.pl\/info\/zabkowice-slaskie-bpmig\/\">Z\u0105bkowice \u015al\u0105skie BPMiG<\/a><\/li><li><a href=\"https:\/\/informator.wbp.wroc.pl\/info\/zabkowice-slaskie-pbp\/\">Z\u0105bkowice \u015al\u0105skie PBP<\/a><\/li><li><a href=\"https:\/\/informator.wbp.wroc.pl\/info\/ziebice\/\">Zi\u0119bice<\/a><\/li><li><a href=\"https:\/\/informator.wbp.wroc.pl\/info\/zloty-stok\/\">Z\u0142oty Stok<\/a><\/li><\/ul>\n","protected":false},"excerpt":{"rendered":"","protected":false},"author":5,"featured_media":0,"parent":0,"menu_order":0,"comment_status":"closed","ping_status":"closed","template":"","meta":{"ngg_post_thumbnail":0,"footnotes":""},"_links":{"self":[{"href":"https:\/\/informator.wbp.wroc.pl\/info\/wp-json\/wp\/v2\/pages\/145"}],"collection":[{"href":"https:\/\/informator.wbp.wroc.pl\/info\/wp-json\/wp\/v2\/pages"}],"about":[{"href":"https:\/\/informator.wbp.wroc.pl\/info\/wp-json\/wp\/v2\/types\/page"}],"author":[{"embeddable":true,"href":"https:\/\/informator.wbp.wroc.pl\/info\/wp-json\/wp\/v2\/users\/5"}],"replies":[{"embeddable":true,"href":"https:\/\/informator.wbp.wroc.pl\/info\/wp-json\/wp\/v2\/comments?post=145"}],"version-history":[{"count":4,"href":"https:\/\/informator.wbp.wroc.pl\/info\/wp-json\/wp\/v2\/pages\/145\/revisions"}],"predecessor-version":[{"id":2826,"href":"https:\/\/informator.wbp.wroc.pl\/info\/wp-json\/wp\/v2\/pages\/145\/revisions\/2826"}],"wp:attachment":[{"href":"https:\/\/informator.wbp.wroc.pl\/info\/wp-json\/wp\/v2\/media?parent=145"}],"curies":[{"name":"wp","href":"https:\/\/api.w.org\/{rel}","templated":true}]}}