{"id":117,"date":"2014-02-24T14:31:21","date_gmt":"2014-02-24T13:31:21","guid":{"rendered":"http:\/\/informator.wbp.wroc.pl\/info\/\/?page_id=117"},"modified":"2014-09-11T15:13:19","modified_gmt":"2014-09-11T13:13:19","slug":"powiat-lubanski","status":"publish","type":"page","link":"https:\/\/informator.wbp.wroc.pl\/info\/powiat-lubanski\/","title":{"rendered":"LUBA\u0143SKI"},"content":{"rendered":"<ul class=\"lcp_catlist\" id=\"lcp_instance_0\"><li><a href=\"https:\/\/informator.wbp.wroc.pl\/info\/lesna\/\">Le\u015bna<\/a><\/li><li><a href=\"https:\/\/informator.wbp.wroc.pl\/info\/luban\/\">Luba\u0144<\/a><\/li><li><a href=\"https:\/\/informator.wbp.wroc.pl\/info\/olszyna\/\">Olszyna<\/a><\/li><li><a href=\"https:\/\/informator.wbp.wroc.pl\/info\/pisarzowice-gm-luban\/\">Pisarzowice (gm. Luba\u0144)<\/a><\/li><li><a href=\"https:\/\/informator.wbp.wroc.pl\/info\/platerowka\/\">Plater\u00f3wka<\/a><\/li><li><a href=\"https:\/\/informator.wbp.wroc.pl\/info\/siekierczyn\/\">Siekierczyn<\/a><\/li><li><a href=\"https:\/\/informator.wbp.wroc.pl\/info\/swieradow-zdroj\/\">\u015awierad\u00f3w-Zdr\u00f3j<\/a><\/li><\/ul>\n","protected":false},"excerpt":{"rendered":"","protected":false},"author":5,"featured_media":0,"parent":0,"menu_order":0,"comment_status":"closed","ping_status":"closed","template":"","meta":{"ngg_post_thumbnail":0,"footnotes":""},"_links":{"self":[{"href":"https:\/\/informator.wbp.wroc.pl\/info\/wp-json\/wp\/v2\/pages\/117"}],"collection":[{"href":"https:\/\/informator.wbp.wroc.pl\/info\/wp-json\/wp\/v2\/pages"}],"about":[{"href":"https:\/\/informator.wbp.wroc.pl\/info\/wp-json\/wp\/v2\/types\/page"}],"author":[{"embeddable":true,"href":"https:\/\/informator.wbp.wroc.pl\/info\/wp-json\/wp\/v2\/users\/5"}],"replies":[{"embeddable":true,"href":"https:\/\/informator.wbp.wroc.pl\/info\/wp-json\/wp\/v2\/comments?post=117"}],"version-history":[{"count":4,"href":"https:\/\/informator.wbp.wroc.pl\/info\/wp-json\/wp\/v2\/pages\/117\/revisions"}],"predecessor-version":[{"id":2801,"href":"https:\/\/informator.wbp.wroc.pl\/info\/wp-json\/wp\/v2\/pages\/117\/revisions\/2801"}],"wp:attachment":[{"href":"https:\/\/informator.wbp.wroc.pl\/info\/wp-json\/wp\/v2\/media?parent=117"}],"curies":[{"name":"wp","href":"https:\/\/api.w.org\/{rel}","templated":true}]}}