{"id":10,"date":"2014-02-24T14:13:24","date_gmt":"2014-02-24T13:13:24","guid":{"rendered":"http:\/\/informator.wbp.wroc.pl\/info\/\/?page_id=10"},"modified":"2015-01-22T14:02:25","modified_gmt":"2015-01-22T13:02:25","slug":"d","status":"publish","type":"page","link":"https:\/\/informator.wbp.wroc.pl\/info\/d\/","title":{"rendered":"D"},"content":{"rendered":"<p>Wykaz alfabetyczny<br \/>\n<ul class=\"lcp_catlist\" id=\"lcp_instance_0\"><li><a href=\"https:\/\/informator.wbp.wroc.pl\/info\/dlugoleka\/\">D\u0142ugo\u0142\u0119ka<\/a><\/li><li><a href=\"https:\/\/informator.wbp.wroc.pl\/info\/dlugopole-gorne\/\">D\u0142ugopole G\u00f3rne<\/a><\/li><li><a href=\"https:\/\/informator.wbp.wroc.pl\/info\/dlugopole-zdroj\/\">D\u0142ugopole Zdr\u00f3j<\/a><\/li><li><a href=\"https:\/\/informator.wbp.wroc.pl\/info\/dluzyna-dolna\/\">D\u0142u\u017cyna Dolna<\/a><\/li><li><a href=\"https:\/\/informator.wbp.wroc.pl\/info\/dobromierz\/\">Dobromierz<\/a><\/li><li><a href=\"https:\/\/informator.wbp.wroc.pl\/info\/dobroszow-2\/\">Dobrosz\u00f3w (gm. D\u0142ugo\u0142\u0119ka)<\/a><\/li><li><a href=\"https:\/\/informator.wbp.wroc.pl\/info\/dobroszyce\/\">Dobroszyce<\/a><\/li><li><a href=\"https:\/\/informator.wbp.wroc.pl\/info\/dobrzejowice\/\">Dobrzejowice<\/a><\/li><li><a href=\"https:\/\/informator.wbp.wroc.pl\/info\/dobrzykowice\/\">Dobrzykowice<\/a><\/li><li><a href=\"https:\/\/informator.wbp.wroc.pl\/info\/domanice\/\">Domanice<\/a><\/li><li><a href=\"https:\/\/informator.wbp.wroc.pl\/info\/domaniow\/\">Domani\u00f3w<\/a><\/li><li><a href=\"https:\/\/informator.wbp.wroc.pl\/info\/domaszkow\/\">Domaszk\u00f3w<\/a><\/li><li><a href=\"https:\/\/informator.wbp.wroc.pl\/info\/dunkowa\/\">Dunkowa<\/a><\/li><li><a href=\"https:\/\/informator.wbp.wroc.pl\/info\/duszniki-zdroj\/\">Duszniki Zdr\u00f3j<\/a><\/li><li><a href=\"https:\/\/informator.wbp.wroc.pl\/info\/dziadowa-kloda\/\">Dziadowa K\u0142oda<\/a><\/li><li><a href=\"https:\/\/informator.wbp.wroc.pl\/info\/dzialoszyn\/\">Dzia\u0142oszyn<\/a><\/li><li><a href=\"https:\/\/informator.wbp.wroc.pl\/info\/dzierzoniow\/\">Dzier\u017coni\u00f3w<\/a><\/li><li><a href=\"https:\/\/informator.wbp.wroc.pl\/info\/dzikowiec\/\">Dzikowiec<\/a><\/li><li><a href=\"https:\/\/informator.wbp.wroc.pl\/info\/dziwiszow\/\">Dziwisz\u00f3w<\/a><\/li><\/ul><\/p>\n","protected":false},"excerpt":{"rendered":"<p>Wykaz alfabetyczny<\/p>\n","protected":false},"author":5,"featured_media":0,"parent":0,"menu_order":0,"comment_status":"closed","ping_status":"closed","template":"","meta":{"ngg_post_thumbnail":0,"footnotes":""},"_links":{"self":[{"href":"https:\/\/informator.wbp.wroc.pl\/info\/wp-json\/wp\/v2\/pages\/10"}],"collection":[{"href":"https:\/\/informator.wbp.wroc.pl\/info\/wp-json\/wp\/v2\/pages"}],"about":[{"href":"https:\/\/informator.wbp.wroc.pl\/info\/wp-json\/wp\/v2\/types\/page"}],"author":[{"embeddable":true,"href":"https:\/\/informator.wbp.wroc.pl\/info\/wp-json\/wp\/v2\/users\/5"}],"replies":[{"embeddable":true,"href":"https:\/\/informator.wbp.wroc.pl\/info\/wp-json\/wp\/v2\/comments?post=10"}],"version-history":[{"count":4,"href":"https:\/\/informator.wbp.wroc.pl\/info\/wp-json\/wp\/v2\/pages\/10\/revisions"}],"predecessor-version":[{"id":3877,"href":"https:\/\/informator.wbp.wroc.pl\/info\/wp-json\/wp\/v2\/pages\/10\/revisions\/3877"}],"wp:attachment":[{"href":"https:\/\/informator.wbp.wroc.pl\/info\/wp-json\/wp\/v2\/media?parent=10"}],"curies":[{"name":"wp","href":"https:\/\/api.w.org\/{rel}","templated":true}]}}